{"id":410,"date":"2021-04-21T12:15:37","date_gmt":"2021-04-21T10:15:37","guid":{"rendered":"https:\/\/a-i-m.tekniskmultimedia.no\/?page_id=410"},"modified":"2021-04-28T11:30:28","modified_gmt":"2021-04-28T09:30:28","slug":"hmsk","status":"publish","type":"page","link":"https:\/\/a-i-m.no\/en\/hmsk\/","title":{"rendered":"HSEQ"},"content":{"rendered":"<div data-elementor-type=\"wp-page\" data-elementor-id=\"410\" class=\"elementor elementor-410\" data-elementor-post-type=\"page\">\n\t\t\t\t\t\t<section class=\"elementor-section elementor-top-section elementor-element elementor-element-5e0097b elementor-section-boxed elementor-section-height-default elementor-section-height-default\" data-id=\"5e0097b\" data-element_type=\"section\" data-e-type=\"section\" data-settings=\"{&quot;background_background&quot;:&quot;classic&quot;}\">\n\t\t\t\t\t\t<div class=\"elementor-container elementor-column-gap-default\">\n\t\t\t\t\t<div class=\"elementor-column elementor-col-33 elementor-top-column elementor-element elementor-element-516430f\" data-id=\"516430f\" data-element_type=\"column\" data-e-type=\"column\">\n\t\t\t<div class=\"elementor-widget-wrap elementor-element-populated\">\n\t\t\t\t\t\t<div class=\"elementor-element elementor-element-1d237a2 rotate elementor-absolute elementor-hidden-phone elementor-widget elementor-widget-heading\" data-id=\"1d237a2\" data-element_type=\"widget\" data-e-type=\"widget\" data-settings=\"{&quot;_position&quot;:&quot;absolute&quot;}\" data-widget_type=\"heading.default\">\n\t\t\t\t<div class=\"elementor-widget-container\">\n\t\t\t\t\t<h1 class=\"elementor-heading-title elementor-size-default\">HSEQ<\/h1>\t\t\t\t<\/div>\n\t\t\t\t<\/div>\n\t\t\t\t\t<\/div>\n\t\t<\/div>\n\t\t\t\t<div class=\"elementor-column elementor-col-33 elementor-top-column elementor-element elementor-element-7258ae7\" data-id=\"7258ae7\" data-element_type=\"column\" data-e-type=\"column\" data-settings=\"{&quot;background_background&quot;:&quot;classic&quot;}\">\n\t\t\t<div class=\"elementor-widget-wrap elementor-element-populated\">\n\t\t\t\t\t\t<div class=\"elementor-element elementor-element-6898500 elementor-widget elementor-widget-heading\" data-id=\"6898500\" data-element_type=\"widget\" data-e-type=\"widget\" data-widget_type=\"heading.default\">\n\t\t\t\t<div class=\"elementor-widget-container\">\n\t\t\t\t\t<h6 class=\"elementor-heading-title elementor-size-default\">AIM AS<\/h6>\t\t\t\t<\/div>\n\t\t\t\t<\/div>\n\t\t\t\t<div class=\"elementor-element elementor-element-174a4a1 elementor-widget elementor-widget-heading\" data-id=\"174a4a1\" data-element_type=\"widget\" data-e-type=\"widget\" data-widget_type=\"heading.default\">\n\t\t\t\t<div class=\"elementor-widget-container\">\n\t\t\t\t\t<h2 class=\"elementor-heading-title elementor-size-default\">HSEQ should be an integrated element in all our activities<\/h2>\t\t\t\t<\/div>\n\t\t\t\t<\/div>\n\t\t\t\t<div class=\"elementor-element elementor-element-5274585 elementor-widget elementor-widget-text-editor\" data-id=\"5274585\" data-element_type=\"widget\" data-e-type=\"widget\" data-widget_type=\"text-editor.default\">\n\t\t\t\t<div class=\"elementor-widget-container\">\n\t\t\t\t\t\t\t\t\t<p>In AIM AS we work continuously to identify and minimize health hazards. The philosophy of Zero Accidents shall apply to all AIM' activities.<\/p><p>AIM AS shall be a safe workplace with opportunities for development for the employees.<\/p><p>We are environmentally conscious, focusing on the improvement of the external environment, as well as other environmental aspects. We contribute to reduction of environmental impacts and climate emissions.<\/p><p>Quality assurance is an important part of our daily work and we perform quality management in the planning and implementation of all our activities.<\/p><p>AIM AS shall satisfy the requirements in\u00a0<a href=\"https:\/\/www.iso.org\/iso-9001-quality-management.html\" target=\"_blank\" rel=\"noopener\">ISO 9001<\/a>\u00a0as well as all relevant laws, regulations and other HSE requirements given to AIM AS in contract form.<\/p>\t\t\t\t\t\t\t\t<\/div>\n\t\t\t\t<\/div>\n\t\t\t\t\t<\/div>\n\t\t<\/div>\n\t\t\t\t<div class=\"elementor-column elementor-col-33 elementor-top-column elementor-element elementor-element-95b6be8\" data-id=\"95b6be8\" data-element_type=\"column\" data-e-type=\"column\">\n\t\t\t<div class=\"elementor-widget-wrap elementor-element-populated\">\n\t\t\t\t\t\t<div class=\"elementor-element elementor-element-231a6e6 elementor-widget elementor-widget-image\" data-id=\"231a6e6\" data-element_type=\"widget\" data-e-type=\"widget\" data-widget_type=\"image.default\">\n\t\t\t\t<div class=\"elementor-widget-container\">\n\t\t\t\t\t\t\t\t\t\t\t\t\t\t\t<img fetchpriority=\"high\" decoding=\"async\" width=\"768\" height=\"621\" src=\"https:\/\/a-i-m.no\/wp-content\/uploads\/2021\/04\/work-safety-protection-equipment-flat-lay-on-woode-UBDD3TK-768x621.jpg\" class=\"attachment-medium_large size-medium_large wp-image-413\" alt=\"\" srcset=\"https:\/\/a-i-m.no\/wp-content\/uploads\/2021\/04\/work-safety-protection-equipment-flat-lay-on-woode-UBDD3TK-768x621.jpg 768w, https:\/\/a-i-m.no\/wp-content\/uploads\/2021\/04\/work-safety-protection-equipment-flat-lay-on-woode-UBDD3TK-300x243.jpg 300w, https:\/\/a-i-m.no\/wp-content\/uploads\/2021\/04\/work-safety-protection-equipment-flat-lay-on-woode-UBDD3TK.jpg 1024w\" sizes=\"(max-width: 768px) 100vw, 768px\" \/>\t\t\t\t\t\t\t\t\t\t\t\t\t\t\t<\/div>\n\t\t\t\t<\/div>\n\t\t\t\t\t<\/div>\n\t\t<\/div>\n\t\t\t\t\t<\/div>\n\t\t<\/section>\n\t\t\t\t<\/div>","protected":false},"excerpt":{"rendered":"<p>HMSK AIM AS HMSK skal v\u00e6re et integrert element i alle v\u00e5re aktiviteter I AIM AS skal vi arbeide kontinuerlig med \u00e5 identifisere og minimere helsefarer. Nullskadefilosofien skal gjelde for alle AIM\u2019 aktiviteter. AIM AS skal v\u00e6re en trygg arbeidsplass med muligheter for utvikling for de ansatte. Vi er milj\u00f8bevisste og skal bedre det ytre [&hellip;]<\/p>\n","protected":false},"author":1,"featured_media":0,"parent":0,"menu_order":0,"comment_status":"closed","ping_status":"closed","template":"","meta":{"footnotes":""},"class_list":["post-410","page","type-page","status-publish","hentry"],"yoast_head":"<!-- This site is optimized with the Yoast SEO plugin v27.3 - https:\/\/yoast.com\/product\/yoast-seo-wordpress\/ -->\n<title>HMSK - AIM AS<\/title>\n<meta name=\"robots\" content=\"index, follow, max-snippet:-1, max-image-preview:large, max-video-preview:-1\" \/>\n<link rel=\"canonical\" href=\"https:\/\/a-i-m.no\/en\/hmsk\/\" \/>\n<meta property=\"og:locale\" content=\"en_GB\" \/>\n<meta property=\"og:type\" content=\"article\" \/>\n<meta property=\"og:title\" content=\"HMSK - AIM AS\" \/>\n<meta property=\"og:description\" content=\"HMSK AIM AS HMSK skal v\u00e6re et integrert element i alle v\u00e5re aktiviteter I AIM AS skal vi arbeide kontinuerlig med \u00e5 identifisere og minimere helsefarer. Nullskadefilosofien skal gjelde for alle AIM\u2019 aktiviteter. AIM AS skal v\u00e6re en trygg arbeidsplass med muligheter for utvikling for de ansatte. Vi er milj\u00f8bevisste og skal bedre det ytre [&hellip;]\" \/>\n<meta property=\"og:url\" content=\"https:\/\/a-i-m.no\/en\/hmsk\/\" \/>\n<meta property=\"og:site_name\" content=\"AIM AS\" \/>\n<meta property=\"article:modified_time\" content=\"2021-04-28T09:30:28+00:00\" \/>\n<meta property=\"og:image\" content=\"https:\/\/a-i-m.no\/wp-content\/uploads\/2021\/04\/work-safety-protection-equipment-flat-lay-on-woode-UBDD3TK-768x621.jpg\" \/>\n<meta name=\"twitter:card\" content=\"summary_large_image\" \/>\n<meta name=\"twitter:label1\" content=\"Estimated reading time\" \/>\n\t<meta name=\"twitter:data1\" content=\"1 minute\" \/>\n<script type=\"application\/ld+json\" class=\"yoast-schema-graph\">{\"@context\":\"https:\\\/\\\/schema.org\",\"@graph\":[{\"@type\":\"WebPage\",\"@id\":\"https:\\\/\\\/a-i-m.no\\\/hmsk\\\/\",\"url\":\"https:\\\/\\\/a-i-m.no\\\/hmsk\\\/\",\"name\":\"HMSK - AIM AS\",\"isPartOf\":{\"@id\":\"https:\\\/\\\/a-i-m.no\\\/#website\"},\"primaryImageOfPage\":{\"@id\":\"https:\\\/\\\/a-i-m.no\\\/hmsk\\\/#primaryimage\"},\"image\":{\"@id\":\"https:\\\/\\\/a-i-m.no\\\/hmsk\\\/#primaryimage\"},\"thumbnailUrl\":\"https:\\\/\\\/a-i-m.no\\\/wp-content\\\/uploads\\\/2021\\\/04\\\/work-safety-protection-equipment-flat-lay-on-woode-UBDD3TK-768x621.jpg\",\"datePublished\":\"2021-04-21T10:15:37+00:00\",\"dateModified\":\"2021-04-28T09:30:28+00:00\",\"breadcrumb\":{\"@id\":\"https:\\\/\\\/a-i-m.no\\\/hmsk\\\/#breadcrumb\"},\"inLanguage\":\"en-GB\",\"potentialAction\":[{\"@type\":\"ReadAction\",\"target\":[\"https:\\\/\\\/a-i-m.no\\\/hmsk\\\/\"]}]},{\"@type\":\"ImageObject\",\"inLanguage\":\"en-GB\",\"@id\":\"https:\\\/\\\/a-i-m.no\\\/hmsk\\\/#primaryimage\",\"url\":\"https:\\\/\\\/a-i-m.no\\\/wp-content\\\/uploads\\\/2021\\\/04\\\/work-safety-protection-equipment-flat-lay-on-woode-UBDD3TK-768x621.jpg\",\"contentUrl\":\"https:\\\/\\\/a-i-m.no\\\/wp-content\\\/uploads\\\/2021\\\/04\\\/work-safety-protection-equipment-flat-lay-on-woode-UBDD3TK-768x621.jpg\"},{\"@type\":\"BreadcrumbList\",\"@id\":\"https:\\\/\\\/a-i-m.no\\\/hmsk\\\/#breadcrumb\",\"itemListElement\":[{\"@type\":\"ListItem\",\"position\":1,\"name\":\"Hjem\",\"item\":\"https:\\\/\\\/a-i-m.no\\\/\"},{\"@type\":\"ListItem\",\"position\":2,\"name\":\"HMSK\"}]},{\"@type\":\"WebSite\",\"@id\":\"https:\\\/\\\/a-i-m.no\\\/#website\",\"url\":\"https:\\\/\\\/a-i-m.no\\\/\",\"name\":\"AIM AS\",\"description\":\"Koordinering av maskineringsoppdrag\",\"publisher\":{\"@id\":\"https:\\\/\\\/a-i-m.no\\\/#organization\"},\"potentialAction\":[{\"@type\":\"SearchAction\",\"target\":{\"@type\":\"EntryPoint\",\"urlTemplate\":\"https:\\\/\\\/a-i-m.no\\\/?s={search_term_string}\"},\"query-input\":{\"@type\":\"PropertyValueSpecification\",\"valueRequired\":true,\"valueName\":\"search_term_string\"}}],\"inLanguage\":\"en-GB\"},{\"@type\":\"Organization\",\"@id\":\"https:\\\/\\\/a-i-m.no\\\/#organization\",\"name\":\"AIM AS\",\"url\":\"https:\\\/\\\/a-i-m.no\\\/\",\"logo\":{\"@type\":\"ImageObject\",\"inLanguage\":\"en-GB\",\"@id\":\"https:\\\/\\\/a-i-m.no\\\/#\\\/schema\\\/logo\\\/image\\\/\",\"url\":\"https:\\\/\\\/a-i-m.no\\\/wp-content\\\/uploads\\\/2021\\\/04\\\/logo-dark.svg\",\"contentUrl\":\"https:\\\/\\\/a-i-m.no\\\/wp-content\\\/uploads\\\/2021\\\/04\\\/logo-dark.svg\",\"caption\":\"AIM AS\"},\"image\":{\"@id\":\"https:\\\/\\\/a-i-m.no\\\/#\\\/schema\\\/logo\\\/image\\\/\"}}]}<\/script>\n<!-- \/ Yoast SEO plugin. -->","yoast_head_json":{"title":"HMSK - AIM AS","robots":{"index":"index","follow":"follow","max-snippet":"max-snippet:-1","max-image-preview":"max-image-preview:large","max-video-preview":"max-video-preview:-1"},"canonical":"https:\/\/a-i-m.no\/en\/hmsk\/","og_locale":"en_GB","og_type":"article","og_title":"HMSK - AIM AS","og_description":"HMSK AIM AS HMSK skal v\u00e6re et integrert element i alle v\u00e5re aktiviteter I AIM AS skal vi arbeide kontinuerlig med \u00e5 identifisere og minimere helsefarer. Nullskadefilosofien skal gjelde for alle AIM\u2019 aktiviteter. AIM AS skal v\u00e6re en trygg arbeidsplass med muligheter for utvikling for de ansatte. Vi er milj\u00f8bevisste og skal bedre det ytre [&hellip;]","og_url":"https:\/\/a-i-m.no\/en\/hmsk\/","og_site_name":"AIM AS","article_modified_time":"2021-04-28T09:30:28+00:00","og_image":[{"url":"https:\/\/a-i-m.no\/wp-content\/uploads\/2021\/04\/work-safety-protection-equipment-flat-lay-on-woode-UBDD3TK-768x621.jpg","type":"","width":"","height":""}],"twitter_card":"summary_large_image","twitter_misc":{"Estimated reading time":"1 minute"},"schema":{"@context":"https:\/\/schema.org","@graph":[{"@type":"WebPage","@id":"https:\/\/a-i-m.no\/hmsk\/","url":"https:\/\/a-i-m.no\/hmsk\/","name":"HMSK - AIM AS","isPartOf":{"@id":"https:\/\/a-i-m.no\/#website"},"primaryImageOfPage":{"@id":"https:\/\/a-i-m.no\/hmsk\/#primaryimage"},"image":{"@id":"https:\/\/a-i-m.no\/hmsk\/#primaryimage"},"thumbnailUrl":"https:\/\/a-i-m.no\/wp-content\/uploads\/2021\/04\/work-safety-protection-equipment-flat-lay-on-woode-UBDD3TK-768x621.jpg","datePublished":"2021-04-21T10:15:37+00:00","dateModified":"2021-04-28T09:30:28+00:00","breadcrumb":{"@id":"https:\/\/a-i-m.no\/hmsk\/#breadcrumb"},"inLanguage":"en-GB","potentialAction":[{"@type":"ReadAction","target":["https:\/\/a-i-m.no\/hmsk\/"]}]},{"@type":"ImageObject","inLanguage":"en-GB","@id":"https:\/\/a-i-m.no\/hmsk\/#primaryimage","url":"https:\/\/a-i-m.no\/wp-content\/uploads\/2021\/04\/work-safety-protection-equipment-flat-lay-on-woode-UBDD3TK-768x621.jpg","contentUrl":"https:\/\/a-i-m.no\/wp-content\/uploads\/2021\/04\/work-safety-protection-equipment-flat-lay-on-woode-UBDD3TK-768x621.jpg"},{"@type":"BreadcrumbList","@id":"https:\/\/a-i-m.no\/hmsk\/#breadcrumb","itemListElement":[{"@type":"ListItem","position":1,"name":"Hjem","item":"https:\/\/a-i-m.no\/"},{"@type":"ListItem","position":2,"name":"HMSK"}]},{"@type":"WebSite","@id":"https:\/\/a-i-m.no\/#website","url":"https:\/\/a-i-m.no\/","name":"AIM AS","description":"Coordination of machining assignments","publisher":{"@id":"https:\/\/a-i-m.no\/#organization"},"potentialAction":[{"@type":"SearchAction","target":{"@type":"EntryPoint","urlTemplate":"https:\/\/a-i-m.no\/?s={search_term_string}"},"query-input":{"@type":"PropertyValueSpecification","valueRequired":true,"valueName":"search_term_string"}}],"inLanguage":"en-GB"},{"@type":"Organization","@id":"https:\/\/a-i-m.no\/#organization","name":"AIM AS","url":"https:\/\/a-i-m.no\/","logo":{"@type":"ImageObject","inLanguage":"en-GB","@id":"https:\/\/a-i-m.no\/#\/schema\/logo\/image\/","url":"https:\/\/a-i-m.no\/wp-content\/uploads\/2021\/04\/logo-dark.svg","contentUrl":"https:\/\/a-i-m.no\/wp-content\/uploads\/2021\/04\/logo-dark.svg","caption":"AIM AS"},"image":{"@id":"https:\/\/a-i-m.no\/#\/schema\/logo\/image\/"}}]}},"_links":{"self":[{"href":"https:\/\/a-i-m.no\/en\/wp-json\/wp\/v2\/pages\/410","targetHints":{"allow":["GET"]}}],"collection":[{"href":"https:\/\/a-i-m.no\/en\/wp-json\/wp\/v2\/pages"}],"about":[{"href":"https:\/\/a-i-m.no\/en\/wp-json\/wp\/v2\/types\/page"}],"author":[{"embeddable":true,"href":"https:\/\/a-i-m.no\/en\/wp-json\/wp\/v2\/users\/1"}],"replies":[{"embeddable":true,"href":"https:\/\/a-i-m.no\/en\/wp-json\/wp\/v2\/comments?post=410"}],"version-history":[{"count":22,"href":"https:\/\/a-i-m.no\/en\/wp-json\/wp\/v2\/pages\/410\/revisions"}],"predecessor-version":[{"id":594,"href":"https:\/\/a-i-m.no\/en\/wp-json\/wp\/v2\/pages\/410\/revisions\/594"}],"wp:attachment":[{"href":"https:\/\/a-i-m.no\/en\/wp-json\/wp\/v2\/media?parent=410"}],"curies":[{"name":"wp","href":"https:\/\/api.w.org\/{rel}","templated":true}]}}